{"id":13286,"date":"2025-04-27T10:52:15","date_gmt":"2025-04-27T08:52:15","guid":{"rendered":"https:\/\/voltavoghera.it\/product\/pelagos-ultra\/"},"modified":"2026-05-13T10:33:35","modified_gmt":"2026-05-13T08:33:35","slug":"pelagos-ultra","status":"publish","type":"product","link":"https:\/\/voltavoghera.it\/en\/product\/pelagos-ultra\/","title":{"rendered":"Pelagos Ultra"},"content":{"rendered":"<p>Magnifico esempio di orologio\u2011strumento e simbolo di avventura, il Pelagos \u00e8 uno dei pi\u00f9 completi orologi subacquei meccanici tradizionali oggi in commercio. Impermeabile fino a 500 m, \u00e8 disponibile nelle versioni per destrorsi e per mancini. Oltre alla versione nera opaca originale, questo modello si declina anche in blu opaco, il colore emblematico degli orologi subacquei del Marchio fin dagli anni \u201960.<br \/>\nCon un\u2019impermeabilit\u00e0 fino a 1.000 metri, un sistema brevettato per la regolazione del bracciale e una cassa di 43 mm in titanio, questo orologio, appositamente sviluppato per superare le sfide delle immersioni in saturazione, \u00e8 il Pelagos tecnicamente pi\u00f9 performante mai realizzato. Un concentrato di progresso tecnico certificato Master Chronometer dal METAS.<\/p>","protected":false},"excerpt":{"rendered":"<p>Magnifico esempio di orologio\u2011strumento e simbolo di avventura, il Pelagos \u00e8 uno dei pi\u00f9 completi orologi subacquei meccanici tradizionali oggi in commercio. Impermeabile fino a 500 m, \u00e8 disponibile nelle versioni per destrorsi e per mancini. Oltre alla versione nera opaca originale, questo modello si declina anche in blu opaco, il colore emblematico degli orologi [&hellip;]<\/p>\n","protected":false},"featured_media":15632,"template":"","meta":{"_acf_changed":false},"product_brand":[],"product_cat":[15],"product_tag":[],"class_list":{"0":"post-13286","1":"product","2":"type-product","3":"status-publish","4":"has-post-thumbnail","6":"product_cat-orologi-tudor","8":"first","9":"outofstock","10":"shipping-taxable","11":"product-type-simple"},"acf":[],"yoast_head":"<!-- This site is optimized with the Yoast SEO plugin v27.4 - https:\/\/yoast.com\/product\/yoast-seo-wordpress\/ -->\n<title>Pelagos Ultra - Gioielleria Volta<\/title>\n<meta name=\"robots\" content=\"index, follow, max-snippet:-1, max-image-preview:large, max-video-preview:-1\" \/>\n<link rel=\"canonical\" href=\"https:\/\/voltavoghera.it\/en\/product\/pelagos-ultra\/\" \/>\n<meta property=\"og:locale\" content=\"en_US\" \/>\n<meta property=\"og:type\" content=\"article\" \/>\n<meta property=\"og:title\" content=\"Pelagos Ultra - Gioielleria Volta\" \/>\n<meta property=\"og:description\" content=\"Magnifico esempio di orologio\u2011strumento e simbolo di avventura, il Pelagos \u00e8 uno dei pi\u00f9 completi orologi subacquei meccanici tradizionali oggi in commercio. Impermeabile fino a 500 m, \u00e8 disponibile nelle versioni per destrorsi e per mancini. Oltre alla versione nera opaca originale, questo modello si declina anche in blu opaco, il colore emblematico degli orologi [&hellip;]\" \/>\n<meta property=\"og:url\" content=\"https:\/\/voltavoghera.it\/en\/product\/pelagos-ultra\/\" \/>\n<meta property=\"og:site_name\" content=\"Gioielleria Volta\" \/>\n<meta property=\"article:modified_time\" content=\"2026-05-13T08:33:35+00:00\" \/>\n<meta property=\"og:image\" content=\"https:\/\/voltavoghera.it\/wp-content\/uploads\/tudor-m2543c1a7nu-0001.png\" \/>\n\t<meta property=\"og:image:width\" content=\"1544\" \/>\n\t<meta property=\"og:image:height\" content=\"1544\" \/>\n\t<meta property=\"og:image:type\" content=\"image\/jpeg\" \/>\n<meta name=\"twitter:card\" content=\"summary_large_image\" \/>\n<meta name=\"twitter:label1\" content=\"Est. reading time\" \/>\n\t<meta name=\"twitter:data1\" content=\"2 minutes\" \/>\n<script type=\"application\/ld+json\" class=\"yoast-schema-graph\">{\"@context\":\"https:\\\/\\\/schema.org\",\"@graph\":[{\"@type\":\"WebPage\",\"@id\":\"https:\\\/\\\/voltavoghera.it\\\/product\\\/pelagos-ultra\\\/\",\"url\":\"https:\\\/\\\/voltavoghera.it\\\/product\\\/pelagos-ultra\\\/\",\"name\":\"Pelagos Ultra - Gioielleria Volta\",\"isPartOf\":{\"@id\":\"https:\\\/\\\/voltavoghera.it\\\/en\\\/#website\"},\"primaryImageOfPage\":{\"@id\":\"https:\\\/\\\/voltavoghera.it\\\/product\\\/pelagos-ultra\\\/#primaryimage\"},\"image\":{\"@id\":\"https:\\\/\\\/voltavoghera.it\\\/product\\\/pelagos-ultra\\\/#primaryimage\"},\"thumbnailUrl\":\"https:\\\/\\\/i0.wp.com\\\/voltavoghera.it\\\/wp-content\\\/uploads\\\/tudor-m2543c1a7nu-0001.png?fit=1544%2C1544&ssl=1\",\"datePublished\":\"2025-04-27T08:52:15+00:00\",\"dateModified\":\"2026-05-13T08:33:35+00:00\",\"breadcrumb\":{\"@id\":\"https:\\\/\\\/voltavoghera.it\\\/product\\\/pelagos-ultra\\\/#breadcrumb\"},\"inLanguage\":\"en-US\",\"potentialAction\":[{\"@type\":\"ReadAction\",\"target\":[\"https:\\\/\\\/voltavoghera.it\\\/product\\\/pelagos-ultra\\\/\"]}]},{\"@type\":\"ImageObject\",\"inLanguage\":\"en-US\",\"@id\":\"https:\\\/\\\/voltavoghera.it\\\/product\\\/pelagos-ultra\\\/#primaryimage\",\"url\":\"https:\\\/\\\/i0.wp.com\\\/voltavoghera.it\\\/wp-content\\\/uploads\\\/tudor-m2543c1a7nu-0001.png?fit=1544%2C1544&ssl=1\",\"contentUrl\":\"https:\\\/\\\/i0.wp.com\\\/voltavoghera.it\\\/wp-content\\\/uploads\\\/tudor-m2543c1a7nu-0001.png?fit=1544%2C1544&ssl=1\",\"width\":1544,\"height\":1544},{\"@type\":\"BreadcrumbList\",\"@id\":\"https:\\\/\\\/voltavoghera.it\\\/product\\\/pelagos-ultra\\\/#breadcrumb\",\"itemListElement\":[{\"@type\":\"ListItem\",\"position\":1,\"name\":\"Home\",\"item\":\"https:\\\/\\\/voltavoghera.it\\\/it\\\/\"},{\"@type\":\"ListItem\",\"position\":2,\"name\":\"Shop\",\"item\":\"https:\\\/\\\/voltavoghera.it\\\/en\\\/negozio\\\/\"},{\"@type\":\"ListItem\",\"position\":3,\"name\":\"Pelagos Ultra\"}]},{\"@type\":\"WebSite\",\"@id\":\"https:\\\/\\\/voltavoghera.it\\\/en\\\/#website\",\"url\":\"https:\\\/\\\/voltavoghera.it\\\/en\\\/\",\"name\":\"Gioielleria Volta Voghera\",\"description\":\"\",\"potentialAction\":[{\"@type\":\"SearchAction\",\"target\":{\"@type\":\"EntryPoint\",\"urlTemplate\":\"https:\\\/\\\/voltavoghera.it\\\/en\\\/?s={search_term_string}\"},\"query-input\":{\"@type\":\"PropertyValueSpecification\",\"valueRequired\":true,\"valueName\":\"search_term_string\"}}],\"inLanguage\":\"en-US\"}]}<\/script>\n<!-- \/ Yoast SEO plugin. -->","yoast_head_json":{"title":"Pelagos Ultra - Gioielleria Volta","robots":{"index":"index","follow":"follow","max-snippet":"max-snippet:-1","max-image-preview":"max-image-preview:large","max-video-preview":"max-video-preview:-1"},"canonical":"https:\/\/voltavoghera.it\/en\/product\/pelagos-ultra\/","og_locale":"en_US","og_type":"article","og_title":"Pelagos Ultra - Gioielleria Volta","og_description":"Magnifico esempio di orologio\u2011strumento e simbolo di avventura, il Pelagos \u00e8 uno dei pi\u00f9 completi orologi subacquei meccanici tradizionali oggi in commercio. Impermeabile fino a 500 m, \u00e8 disponibile nelle versioni per destrorsi e per mancini. Oltre alla versione nera opaca originale, questo modello si declina anche in blu opaco, il colore emblematico degli orologi [&hellip;]","og_url":"https:\/\/voltavoghera.it\/en\/product\/pelagos-ultra\/","og_site_name":"Gioielleria Volta","article_modified_time":"2026-05-13T08:33:35+00:00","og_image":[{"width":1544,"height":1544,"url":"https:\/\/voltavoghera.it\/wp-content\/uploads\/tudor-m2543c1a7nu-0001.png","type":"image\/jpeg"}],"twitter_card":"summary_large_image","twitter_misc":{"Est. reading time":"2 minutes"},"schema":{"@context":"https:\/\/schema.org","@graph":[{"@type":"WebPage","@id":"https:\/\/voltavoghera.it\/product\/pelagos-ultra\/","url":"https:\/\/voltavoghera.it\/product\/pelagos-ultra\/","name":"Pelagos Ultra - Gioielleria Volta","isPartOf":{"@id":"https:\/\/voltavoghera.it\/en\/#website"},"primaryImageOfPage":{"@id":"https:\/\/voltavoghera.it\/product\/pelagos-ultra\/#primaryimage"},"image":{"@id":"https:\/\/voltavoghera.it\/product\/pelagos-ultra\/#primaryimage"},"thumbnailUrl":"https:\/\/i0.wp.com\/voltavoghera.it\/wp-content\/uploads\/tudor-m2543c1a7nu-0001.png?fit=1544%2C1544&ssl=1","datePublished":"2025-04-27T08:52:15+00:00","dateModified":"2026-05-13T08:33:35+00:00","breadcrumb":{"@id":"https:\/\/voltavoghera.it\/product\/pelagos-ultra\/#breadcrumb"},"inLanguage":"en-US","potentialAction":[{"@type":"ReadAction","target":["https:\/\/voltavoghera.it\/product\/pelagos-ultra\/"]}]},{"@type":"ImageObject","inLanguage":"en-US","@id":"https:\/\/voltavoghera.it\/product\/pelagos-ultra\/#primaryimage","url":"https:\/\/i0.wp.com\/voltavoghera.it\/wp-content\/uploads\/tudor-m2543c1a7nu-0001.png?fit=1544%2C1544&ssl=1","contentUrl":"https:\/\/i0.wp.com\/voltavoghera.it\/wp-content\/uploads\/tudor-m2543c1a7nu-0001.png?fit=1544%2C1544&ssl=1","width":1544,"height":1544},{"@type":"BreadcrumbList","@id":"https:\/\/voltavoghera.it\/product\/pelagos-ultra\/#breadcrumb","itemListElement":[{"@type":"ListItem","position":1,"name":"Home","item":"https:\/\/voltavoghera.it\/it\/"},{"@type":"ListItem","position":2,"name":"Shop","item":"https:\/\/voltavoghera.it\/en\/negozio\/"},{"@type":"ListItem","position":3,"name":"Pelagos Ultra"}]},{"@type":"WebSite","@id":"https:\/\/voltavoghera.it\/en\/#website","url":"https:\/\/voltavoghera.it\/en\/","name":"Gioielleria Volta Voghera","description":"","potentialAction":[{"@type":"SearchAction","target":{"@type":"EntryPoint","urlTemplate":"https:\/\/voltavoghera.it\/en\/?s={search_term_string}"},"query-input":{"@type":"PropertyValueSpecification","valueRequired":true,"valueName":"search_term_string"}}],"inLanguage":"en-US"}]}},"jetpack_sharing_enabled":true,"_links":{"self":[{"href":"https:\/\/voltavoghera.it\/en\/wp-json\/wp\/v2\/product\/13286","targetHints":{"allow":["GET"]}}],"collection":[{"href":"https:\/\/voltavoghera.it\/en\/wp-json\/wp\/v2\/product"}],"about":[{"href":"https:\/\/voltavoghera.it\/en\/wp-json\/wp\/v2\/types\/product"}],"version-history":[{"count":2,"href":"https:\/\/voltavoghera.it\/en\/wp-json\/wp\/v2\/product\/13286\/revisions"}],"predecessor-version":[{"id":15271,"href":"https:\/\/voltavoghera.it\/en\/wp-json\/wp\/v2\/product\/13286\/revisions\/15271"}],"wp:featuredmedia":[{"embeddable":true,"href":"https:\/\/voltavoghera.it\/en\/wp-json\/wp\/v2\/media\/15632"}],"wp:attachment":[{"href":"https:\/\/voltavoghera.it\/en\/wp-json\/wp\/v2\/media?parent=13286"}],"wp:term":[{"taxonomy":"product_brand","embeddable":true,"href":"https:\/\/voltavoghera.it\/en\/wp-json\/wp\/v2\/product_brand?post=13286"},{"taxonomy":"product_cat","embeddable":true,"href":"https:\/\/voltavoghera.it\/en\/wp-json\/wp\/v2\/product_cat?post=13286"},{"taxonomy":"product_tag","embeddable":true,"href":"https:\/\/voltavoghera.it\/en\/wp-json\/wp\/v2\/product_tag?post=13286"}],"curies":[{"name":"wp","href":"https:\/\/api.w.org\/{rel}","templated":true}]}}