{"id":14860,"date":"2026-01-08T10:45:46","date_gmt":"2026-01-08T09:45:46","guid":{"rendered":"https:\/\/voltavoghera.it\/?post_type=product&#038;p=14860"},"modified":"2026-04-15T12:27:28","modified_gmt":"2026-04-15T10:27:28","slug":"pelagos-fxd-4","status":"publish","type":"product","link":"https:\/\/voltavoghera.it\/it\/product\/pelagos-fxd-4\/","title":{"rendered":"Pelagos FXD"},"content":{"rendered":"<p>Il modello Pelagos FXD, dove la contrazione dell\u2019inglese \u201cfixed\u201d allude alle robuste barrette fisse per l\u2019attacco del cinturino, \u00e8 stato sviluppato con la cooperazione dell\u2019unit\u00e0 dei nuotatori da combattimento della Marina militare francese. Impermeabile fino a 200 m, \u00e8 progettato per la navigazione sottomarina ed \u00e8 ottimizzato per l\u2019utilizzo professionale. La gamma comprende inoltre un modello che rende omaggio a decenni di orologi TUDOR al polso dei subacquei della US Navy. Completo di barrette di attacco del cinturino fisse, cassa in titanio, Calibro di Manifattura ad alte prestazioni e una lunetta girevole unidirezionale con misura del tempo trascorso, si presenta come la versione pi\u00f9 moderna che ci sia del \u201cMilsub\u201d (abbreviazione di Military Submariner) del passato. Esteticamente, \u00e8 in linea con il TUDOR Oyster Prince Submariner di fine anni \u201960; incorpora elementi delle specifiche militari statunitensi per gli orologi subacquei. In sintesi, la gamma FXD \u00e8 il frutto della collaborazione di TUDOR con due organizzazioni militari.<\/p>\n","protected":false},"excerpt":{"rendered":"<p>Il modello Pelagos FXD, dove la contrazione dell\u2019inglese \u201cfixed\u201d allude alle robuste barrette fisse per l\u2019attacco del cinturino, \u00e8 stato sviluppato con la cooperazione dell\u2019unit\u00e0 dei nuotatori da combattimento della Marina militare francese. Impermeabile fino a 200 m, \u00e8 progettato per la navigazione sottomarina ed \u00e8 ottimizzato per l\u2019utilizzo professionale. La gamma comprende inoltre un [&hellip;]<\/p>\n","protected":false},"featured_media":0,"template":"","meta":{"_acf_changed":false},"product_brand":[],"product_cat":[15],"product_tag":[],"class_list":{"0":"post-14860","1":"product","2":"type-product","3":"status-publish","5":"product_cat-orologi-tudor","7":"first","8":"outofstock","9":"shipping-taxable","10":"product-type-simple"},"acf":[],"yoast_head":"<!-- This site is optimized with the Yoast SEO plugin v27.4 - https:\/\/yoast.com\/product\/yoast-seo-wordpress\/ -->\n<title>Pelagos FXD - Gioielleria Volta<\/title>\n<meta name=\"robots\" content=\"index, follow, max-snippet:-1, max-image-preview:large, max-video-preview:-1\" \/>\n<link rel=\"canonical\" href=\"https:\/\/voltavoghera.it\/it\/product\/pelagos-fxd-4\/\" \/>\n<meta property=\"og:locale\" content=\"it_IT\" \/>\n<meta property=\"og:type\" content=\"article\" \/>\n<meta property=\"og:title\" content=\"Pelagos FXD - Gioielleria Volta\" \/>\n<meta property=\"og:description\" content=\"Il modello Pelagos FXD, dove la contrazione dell\u2019inglese \u201cfixed\u201d allude alle robuste barrette fisse per l\u2019attacco del cinturino, \u00e8 stato sviluppato con la cooperazione dell\u2019unit\u00e0 dei nuotatori da combattimento della Marina militare francese. Impermeabile fino a 200 m, \u00e8 progettato per la navigazione sottomarina ed \u00e8 ottimizzato per l\u2019utilizzo professionale. La gamma comprende inoltre un [&hellip;]\" \/>\n<meta property=\"og:url\" content=\"https:\/\/voltavoghera.it\/it\/product\/pelagos-fxd-4\/\" \/>\n<meta property=\"og:site_name\" content=\"Gioielleria Volta\" \/>\n<meta property=\"article:modified_time\" content=\"2026-04-15T10:27:28+00:00\" \/>\n<meta property=\"og:image\" content=\"https:\/\/i0.wp.com\/voltavoghera.it\/wp-content\/uploads\/rolex-contact-cover-A7404109-portrait.jpg?fit=780%2C520&ssl=1\" \/>\n\t<meta property=\"og:image:width\" content=\"780\" \/>\n\t<meta property=\"og:image:height\" content=\"520\" \/>\n\t<meta property=\"og:image:type\" content=\"image\/jpeg\" \/>\n<meta name=\"twitter:card\" content=\"summary_large_image\" \/>\n<meta name=\"twitter:label1\" content=\"Tempo di lettura stimato\" \/>\n\t<meta name=\"twitter:data1\" content=\"2 minuti\" \/>\n<script type=\"application\/ld+json\" class=\"yoast-schema-graph\">{\"@context\":\"https:\\\/\\\/schema.org\",\"@graph\":[{\"@type\":\"WebPage\",\"@id\":\"https:\\\/\\\/voltavoghera.it\\\/product\\\/pelagos-fxd-4\\\/\",\"url\":\"https:\\\/\\\/voltavoghera.it\\\/product\\\/pelagos-fxd-4\\\/\",\"name\":\"Pelagos FXD - Gioielleria Volta\",\"isPartOf\":{\"@id\":\"https:\\\/\\\/voltavoghera.it\\\/en\\\/#website\"},\"datePublished\":\"2026-01-08T09:45:46+00:00\",\"dateModified\":\"2026-04-15T10:27:28+00:00\",\"breadcrumb\":{\"@id\":\"https:\\\/\\\/voltavoghera.it\\\/product\\\/pelagos-fxd-4\\\/#breadcrumb\"},\"inLanguage\":\"it-IT\",\"potentialAction\":[{\"@type\":\"ReadAction\",\"target\":[\"https:\\\/\\\/voltavoghera.it\\\/product\\\/pelagos-fxd-4\\\/\"]}]},{\"@type\":\"BreadcrumbList\",\"@id\":\"https:\\\/\\\/voltavoghera.it\\\/product\\\/pelagos-fxd-4\\\/#breadcrumb\",\"itemListElement\":[{\"@type\":\"ListItem\",\"position\":1,\"name\":\"Home\",\"item\":\"https:\\\/\\\/voltavoghera.it\\\/it\\\/\"},{\"@type\":\"ListItem\",\"position\":2,\"name\":\"Shop\",\"item\":\"https:\\\/\\\/voltavoghera.it\\\/en\\\/negozio\\\/\"},{\"@type\":\"ListItem\",\"position\":3,\"name\":\"Pelagos FXD\"}]},{\"@type\":\"WebSite\",\"@id\":\"https:\\\/\\\/voltavoghera.it\\\/en\\\/#website\",\"url\":\"https:\\\/\\\/voltavoghera.it\\\/en\\\/\",\"name\":\"Gioielleria Volta Voghera\",\"description\":\"\",\"potentialAction\":[{\"@type\":\"SearchAction\",\"target\":{\"@type\":\"EntryPoint\",\"urlTemplate\":\"https:\\\/\\\/voltavoghera.it\\\/en\\\/?s={search_term_string}\"},\"query-input\":{\"@type\":\"PropertyValueSpecification\",\"valueRequired\":true,\"valueName\":\"search_term_string\"}}],\"inLanguage\":\"it-IT\"}]}<\/script>\n<!-- \/ Yoast SEO plugin. -->","yoast_head_json":{"title":"Pelagos FXD - Gioielleria Volta","robots":{"index":"index","follow":"follow","max-snippet":"max-snippet:-1","max-image-preview":"max-image-preview:large","max-video-preview":"max-video-preview:-1"},"canonical":"https:\/\/voltavoghera.it\/it\/product\/pelagos-fxd-4\/","og_locale":"it_IT","og_type":"article","og_title":"Pelagos FXD - Gioielleria Volta","og_description":"Il modello Pelagos FXD, dove la contrazione dell\u2019inglese \u201cfixed\u201d allude alle robuste barrette fisse per l\u2019attacco del cinturino, \u00e8 stato sviluppato con la cooperazione dell\u2019unit\u00e0 dei nuotatori da combattimento della Marina militare francese. Impermeabile fino a 200 m, \u00e8 progettato per la navigazione sottomarina ed \u00e8 ottimizzato per l\u2019utilizzo professionale. La gamma comprende inoltre un [&hellip;]","og_url":"https:\/\/voltavoghera.it\/it\/product\/pelagos-fxd-4\/","og_site_name":"Gioielleria Volta","article_modified_time":"2026-04-15T10:27:28+00:00","og_image":[{"width":780,"height":520,"url":"https:\/\/i0.wp.com\/voltavoghera.it\/wp-content\/uploads\/rolex-contact-cover-A7404109-portrait.jpg?fit=780%2C520&ssl=1","type":"image\/jpeg"}],"twitter_card":"summary_large_image","twitter_misc":{"Tempo di lettura stimato":"2 minuti"},"schema":{"@context":"https:\/\/schema.org","@graph":[{"@type":"WebPage","@id":"https:\/\/voltavoghera.it\/product\/pelagos-fxd-4\/","url":"https:\/\/voltavoghera.it\/product\/pelagos-fxd-4\/","name":"Pelagos FXD - Gioielleria Volta","isPartOf":{"@id":"https:\/\/voltavoghera.it\/en\/#website"},"datePublished":"2026-01-08T09:45:46+00:00","dateModified":"2026-04-15T10:27:28+00:00","breadcrumb":{"@id":"https:\/\/voltavoghera.it\/product\/pelagos-fxd-4\/#breadcrumb"},"inLanguage":"it-IT","potentialAction":[{"@type":"ReadAction","target":["https:\/\/voltavoghera.it\/product\/pelagos-fxd-4\/"]}]},{"@type":"BreadcrumbList","@id":"https:\/\/voltavoghera.it\/product\/pelagos-fxd-4\/#breadcrumb","itemListElement":[{"@type":"ListItem","position":1,"name":"Home","item":"https:\/\/voltavoghera.it\/it\/"},{"@type":"ListItem","position":2,"name":"Shop","item":"https:\/\/voltavoghera.it\/en\/negozio\/"},{"@type":"ListItem","position":3,"name":"Pelagos FXD"}]},{"@type":"WebSite","@id":"https:\/\/voltavoghera.it\/en\/#website","url":"https:\/\/voltavoghera.it\/en\/","name":"Gioielleria Volta Voghera","description":"","potentialAction":[{"@type":"SearchAction","target":{"@type":"EntryPoint","urlTemplate":"https:\/\/voltavoghera.it\/en\/?s={search_term_string}"},"query-input":{"@type":"PropertyValueSpecification","valueRequired":true,"valueName":"search_term_string"}}],"inLanguage":"it-IT"}]}},"jetpack_sharing_enabled":true,"_links":{"self":[{"href":"https:\/\/voltavoghera.it\/it\/wp-json\/wp\/v2\/product\/14860","targetHints":{"allow":["GET"]}}],"collection":[{"href":"https:\/\/voltavoghera.it\/it\/wp-json\/wp\/v2\/product"}],"about":[{"href":"https:\/\/voltavoghera.it\/it\/wp-json\/wp\/v2\/types\/product"}],"version-history":[{"count":1,"href":"https:\/\/voltavoghera.it\/it\/wp-json\/wp\/v2\/product\/14860\/revisions"}],"predecessor-version":[{"id":14861,"href":"https:\/\/voltavoghera.it\/it\/wp-json\/wp\/v2\/product\/14860\/revisions\/14861"}],"wp:attachment":[{"href":"https:\/\/voltavoghera.it\/it\/wp-json\/wp\/v2\/media?parent=14860"}],"wp:term":[{"taxonomy":"product_brand","embeddable":true,"href":"https:\/\/voltavoghera.it\/it\/wp-json\/wp\/v2\/product_brand?post=14860"},{"taxonomy":"product_cat","embeddable":true,"href":"https:\/\/voltavoghera.it\/it\/wp-json\/wp\/v2\/product_cat?post=14860"},{"taxonomy":"product_tag","embeddable":true,"href":"https:\/\/voltavoghera.it\/it\/wp-json\/wp\/v2\/product_tag?post=14860"}],"curies":[{"name":"wp","href":"https:\/\/api.w.org\/{rel}","templated":true}]}}